{"id":2882,"date":"2025-09-27T11:04:52","date_gmt":"2025-09-27T09:04:52","guid":{"rendered":"https:\/\/dermx.eu\/condiciones-generales-de-compra\/"},"modified":"2025-12-19T12:37:03","modified_gmt":"2025-12-19T11:37:03","slug":"condiciones-generales-de-compra","status":"publish","type":"page","link":"https:\/\/dermx.eu\/de\/condiciones-generales-de-compra\/","title":{"rendered":"Allgemeine Einkaufsbedingungen"},"content":{"rendered":"\t\t<div data-elementor-type=\"wp-page\" data-elementor-id=\"2882\" class=\"elementor elementor-2882 elementor-1098\">\n\t\t\t\t<div class=\"elementor-element elementor-element-db8ef7e e-flex e-con-boxed e-con e-parent\" data-id=\"db8ef7e\" data-element_type=\"container\">\n\t\t\t\t\t<div class=\"e-con-inner\">\n\t\t\t\t<div class=\"elementor-element elementor-element-8ff66cb elementor-widget elementor-widget-heading\" data-id=\"8ff66cb\" data-element_type=\"widget\" data-widget_type=\"heading.default\">\n\t\t\t\t<div class=\"elementor-widget-container\">\n\t\t\t\t\t<h2 class=\"elementor-heading-title elementor-size-default\">Allgemeine Einkaufsbedingungen<\/h2>\t\t\t\t<\/div>\n\t\t\t\t<\/div>\n\t\t\t\t\t<\/div>\n\t\t\t\t<\/div>\n\t\t<div class=\"elementor-element elementor-element-52989a23 e-flex e-con-boxed e-con e-parent\" data-id=\"52989a23\" data-element_type=\"container\">\n\t\t\t\t\t<div class=\"e-con-inner\">\n\t\t\t\t<div class=\"elementor-element elementor-element-3638825f elementor-widget elementor-widget-text-editor\" data-id=\"3638825f\" data-element_type=\"widget\" data-widget_type=\"text-editor.default\">\n\t\t\t\t<div class=\"elementor-widget-container\">\n\t\t\t\t\t\t\t\t\t<p><\/p>\n<p><b>1. Identifizierung des Unternehmens<\/b><\/p>\n<p>Die vorliegenden Einkaufsbedingungen regeln den Verkauf von Produkten, die auf der Website dermx.eu angeboten werden, deren Inhaber ist:<\/p>\n<ul>\n<li>Firma: GLOBAL DIAMOND TATTOO, S.L.\nCIF: B22656474<\/li>\n<li>Firmensitz: Av. Francesc Maci\u00e0 102, 4-1, 08912 Badalona (Barcelona), Spanien <\/li>\n<li>E-Mail-Adresse f\u00fcr Kontakt: info@dermx.eu<\/li>\n<li>Telefonnummer f\u00fcr Kontakt: +34 665 679 020<\/li>\n<\/ul>\n<p><b>&nbsp;<\/b><\/p>\n<p><b>2. Gegenstand<\/b><\/p>\n<p>Das vorliegende Dokument regelt die Bedingungen f\u00fcr den Online-Kauf von Produkten, die auf dermx.eu verkauft werden, sowie die Rechte und Pflichten des Unternehmens und der Verbraucher.<\/p>\n<p><b>&nbsp;<\/b><\/p>\n<p><b>3. Kaufprozess<\/b><\/p>\n<ol>\n<li>Der Nutzer kann die Produkte ausw\u00e4hlen, an denen er interessiert ist, und sie in den Warenkorb legen.<\/li>\n<li>Vor Abschluss der Bestellung muss sich der Kunde registrieren oder die f\u00fcr die Rechnungsstellung und Lieferung erforderlichen Daten angeben.<\/li>\n<li>Es wird eine Zusammenfassung mit den ausgew\u00e4hlten Produkten, dem Gesamtpreis, den anfallenden Steuern und den Versandkosten angezeigt.<\/li>\n<li>Der Kunde muss die Annahme der vorliegenden Einkaufsbedingungen und der Datenschutzrichtlinie best\u00e4tigen.<\/li>\n<li>Nach erfolgter Zahlung erh\u00e4lt der Kunde eine Bestellbest\u00e4tigung an die angegebene E-Mail-Adresse.\n<\/li>\n<\/ol>\n<p><b>4. Preise und Zahlungsarten<\/b><\/p>\n<ul>\n<li>Alle auf der Website angegebenen Preise enthalten die Mehrwertsteuer und sind in Euro (\u20ac) angegeben.<\/li>\n<li>Die Versandkosten werden vor Abschluss der Bestellung aufgef\u00fchrt.<\/li>\n<li>Akzeptierte Zahlungsmethoden: Bankkarte, Bank\u00fcberweisung, Nachnahme (nur f\u00fcr K\u00e4ufe innerhalb Spaniens m\u00f6glich).<\/li>\n<li>Die Zahlung erfolgt zu 100 % sicher \u00fcber zertifizierte Gateways.<\/li>\n<\/ul>\n<p><b>&nbsp;<\/b><\/p>\n<p><b>5. Versand und Lieferung<\/b><\/p>\n<p><\/p><ul><li>Die Bestellungen werden an die vom Kunden im Bestellprozess angegebene Adresse versandt.<\/li><li>Die \u00fcbliche Lieferzeit betr\u00e4gt 2 bis 5 Werktage auf dem spanischen Festland, kann aber je nach Bestimmungsort variieren.<\/li><li>Im Falle einer Verz\u00f6gerung wird der Kunde informiert.<\/li><li>Die Sendungen werden \u00fcber zuverl\u00e4ssige Kurierunternehmen abgewickelt.<\/li><\/ul>\n<p><b>&nbsp;<\/b><\/p>\n<p><b>6. Widerrufsrecht<\/b><\/p>\n<ul>\n<li>Der Kunde hat das Recht, den Kauf innerhalb von 14 Kalendertagen ab Erhalt der Bestellung ohne Angabe von Gr\u00fcnden zu widerrufen.<\/li>\n<li>Um das Widerrufsrecht auszu\u00fcben, muss er GLOBAL DIAMOND TATTOO, S.L. per E-Mail an info@dermx.eu unter Angabe der Bestellnummer und seiner Daten benachrichtigen.<\/li>\n<li>Der Kunde muss die Produkte in einwandfreiem Zustand, unbenutzt und in der Originalverpackung zur\u00fccksenden.<\/li>\n<li>Die R\u00fccksendekosten tr\u00e4gt der Kunde, es sei denn, das Produkt ist defekt oder fehlerhaft.<\/li>\n<\/ul>\n<p><b>&nbsp;<\/b><\/p>\n<p><b>7. Gesetzliche Gew\u00e4hrleistung<\/b><\/p>\n<ul>\n<li>Medizinprodukte f\u00fcr den einmaligen oder begrenzten Gebrauch (wie DERM\u00b7X) werden bis zu ihrem Verfallsdatum und bei sachgem\u00e4\u00dfer Verwendung und Lagerung garantiert.<\/li>\n<li>Sie deckt keine Sch\u00e4den ab, die durch unsachgem\u00e4\u00dfe Verwendung, unsachgem\u00e4\u00dfe Handhabung oder Nichteinhaltung der vom Hersteller festgelegten Lagerbedingungen entstehen.<\/li>\n<\/ul>\n<p><b>&nbsp;<\/b><\/p>\n<p><b>8. R\u00fcckgabebestimmungen<\/b><\/p>\n<ul>\n<li>Im Falle eines defekten Produkts \u00fcbernimmt GLOBAL DIAMOND TATTOO, S.L. die Kosten f\u00fcr die R\u00fccksendung und den Ersatz.<\/li>\n<li>Die R\u00fcckgabe von ge\u00f6ffneten oder gebrauchten Produkten wird nicht akzeptiert, au\u00dfer im Falle eines Herstellungsfehlers.<\/li>\n<li>Die R\u00fcckerstattung erfolgt \u00fcber dieselbe Zahlungsmethode, die beim Kauf verwendet wurde.<\/li>\n<\/ul>\n<p><b>&nbsp;<\/b><\/p>\n<p><b>9. Kundendienst<\/b><\/p>\n<p>Der Kunde kann sich bei Fragen, Beschwerden oder Vorf\u00e4llen \u00fcber folgende Wege an den Kundendienst wenden:<\/p>\n<ul>\n<li>E-Mail: info@dermx.eu<\/li>\n<li>Telefon: +34 665 679 020<\/li>\n<\/ul>\n<p><b>&nbsp;<\/b><\/p>\n<p><b>10. Anwendbares Recht und Gerichtsstand<\/b><\/p>\n<p>Die vorliegenden Einkaufsbedingungen unterliegen spanischem Recht. Im Falle von Streitigkeiten unterwerfen sich die Parteien den Gerichten von Barcelona, es sei denn, die Verbraucherschutzbestimmungen sehen einen anderen zwingenden Gerichtsstand vor.<\/p>\n<p><\/p>\t\t\t\t\t\t\t\t<\/div>\n\t\t\t\t<\/div>\n\t\t\t\t\t<\/div>\n\t\t\t\t<\/div>\n\t\t\t\t<\/div>\n\t\t","protected":false},"excerpt":{"rendered":"<p>Allgemeine Einkaufsbedingungen 1. Identifizierung des Unternehmens Die vorliegenden Einkaufsbedingungen regeln den Verkauf von Produkten, die auf der Website dermx.eu angeboten werden, deren Inhaber ist: Firma: GLOBAL DIAMOND TATTOO, S.L. CIF: B22656474 Firmensitz: Av. Francesc Maci\u00e0 102, 4-1, 08912 Badalona (Barcelona), Spanien E-Mail-Adresse f\u00fcr Kontakt: info@dermx.eu Telefonnummer f\u00fcr Kontakt: +34 665 679 020 &nbsp; 2. Gegenstand&#8230;<\/p>\n","protected":false},"author":1,"featured_media":0,"parent":0,"menu_order":0,"comment_status":"closed","ping_status":"closed","template":"","meta":{"_eb_attr":"","footnotes":""},"class_list":["post-2882","page","type-page","status-publish","hentry"],"_links":{"self":[{"href":"https:\/\/dermx.eu\/de\/wp-json\/wp\/v2\/pages\/2882","targetHints":{"allow":["GET"]}}],"collection":[{"href":"https:\/\/dermx.eu\/de\/wp-json\/wp\/v2\/pages"}],"about":[{"href":"https:\/\/dermx.eu\/de\/wp-json\/wp\/v2\/types\/page"}],"author":[{"embeddable":true,"href":"https:\/\/dermx.eu\/de\/wp-json\/wp\/v2\/users\/1"}],"replies":[{"embeddable":true,"href":"https:\/\/dermx.eu\/de\/wp-json\/wp\/v2\/comments?post=2882"}],"version-history":[{"count":4,"href":"https:\/\/dermx.eu\/de\/wp-json\/wp\/v2\/pages\/2882\/revisions"}],"predecessor-version":[{"id":3099,"href":"https:\/\/dermx.eu\/de\/wp-json\/wp\/v2\/pages\/2882\/revisions\/3099"}],"wp:attachment":[{"href":"https:\/\/dermx.eu\/de\/wp-json\/wp\/v2\/media?parent=2882"}],"curies":[{"name":"wp","href":"https:\/\/api.w.org\/{rel}","templated":true}]}}