{"id":2886,"date":"2025-09-27T09:34:20","date_gmt":"2025-09-27T07:34:20","guid":{"rendered":"https:\/\/dermx.eu\/aviso-legal\/"},"modified":"2025-12-19T12:32:13","modified_gmt":"2025-12-19T11:32:13","slug":"aviso-legal","status":"publish","type":"page","link":"https:\/\/dermx.eu\/de\/aviso-legal\/","title":{"rendered":"Rechtliche Hinweise"},"content":{"rendered":"\t\t<div data-elementor-type=\"wp-page\" data-elementor-id=\"2886\" class=\"elementor elementor-2886 elementor-1035\">\n\t\t\t\t<div class=\"elementor-element elementor-element-db8ef7e e-flex e-con-boxed e-con e-parent\" data-id=\"db8ef7e\" data-element_type=\"container\">\n\t\t\t\t\t<div class=\"e-con-inner\">\n\t\t\t\t<div class=\"elementor-element elementor-element-8ff66cb elementor-widget elementor-widget-heading\" data-id=\"8ff66cb\" data-element_type=\"widget\" data-widget_type=\"heading.default\">\n\t\t\t\t<div class=\"elementor-widget-container\">\n\t\t\t\t\t<h2 class=\"elementor-heading-title elementor-size-default\">Rechtliche Hinweise<\/h2>\t\t\t\t<\/div>\n\t\t\t\t<\/div>\n\t\t\t\t\t<\/div>\n\t\t\t\t<\/div>\n\t\t<div class=\"elementor-element elementor-element-52989a23 e-flex e-con-boxed e-con e-parent\" data-id=\"52989a23\" data-element_type=\"container\">\n\t\t\t\t\t<div class=\"e-con-inner\">\n\t\t\t\t<div class=\"elementor-element elementor-element-3638825f elementor-widget elementor-widget-text-editor\" data-id=\"3638825f\" data-element_type=\"widget\" data-widget_type=\"text-editor.default\">\n\t\t\t\t<div class=\"elementor-widget-container\">\n\t\t\t\t\t\t\t\t\t<p><\/p>\n<p><b>Inhaberschaft der Website<\/b><br>In \u00dcbereinstimmung mit Gesetz 34\/2002 vom 11. Juli \u00fcber die Dienste der Informationsgesellschaft und den elektronischen Gesch\u00e4ftsverkehr (LSSI-CE) wird mitgeteilt, dass die Inhaberschaft der Website dermx.eu GLOBAL DIAMOND TATTOO, S.L. geh\u00f6rt:<br>Inhaber: GLOBAL DIAMOND TATTOO, S.L.<br>CIF: B22656474<br>Firmensitz: Av. Francesc Maci\u00e0 102, 4-1, 08912 Badalona (Barcelona), Spanien<br>T\u00e4tigkeit: Vermarktung und Vertrieb von Produkten und Zubeh\u00f6r, die auf Tattoo-Profis spezialisiert sind<br>E-Mail-Adresse f\u00fcr Kontakt: info@dermx.eu<br>Telefonnummer f\u00fcr Kontakt: +34 665 679 020 <\/p>\n<p><br><\/p>\n<p><b>Zweck der Website<\/b><br>Der Zweck dieser Website ist es, Informationen, Vermarktung und Vertrieb von Produkten anzubieten, die auf<br>Tattoo-Profis spezialisiert sind, sowie die Kommunikation zwischen den Benutzern und dem Unternehmen zu erm\u00f6glichen.<\/p>\n<p><br><\/p>\n<p><b>Nutzungsbedingungen<\/b><\/p>\n<p>Der Zugriff und die Nutzung dieser Website schreiben dem Benutzer den Status zu, was die vollst\u00e4ndige Akzeptanz der dargelegten Bedingungen in<\/p>\n<p>diesem Rechtlichen Hinweis impliziert. Der Benutzer verpflichtet sich, die Inhalte angemessen zu nutzen und sie nicht f\u00fcr <\/p>\n<p>illegale Aktivit\u00e4ten oder Aktivit\u00e4ten, die gegen Treu und Glauben versto\u00dfen, zu verwenden.<\/p>\n<p><br><\/p>\n<p><b>Geistiges und gewerbliches Eigentum<\/b><\/p>\n<p>Alle Inhalte der Website (Texte, Bilder, Logos, Designs, Quellcode usw.) sind Eigentum von GLOBAL<\/p>\n<p>DIAMOND TATTOO, S.L. oder von Dritten, die ihre Nutzung genehmigt haben. Die Vervielf\u00e4ltigung, Verbreitung, \u00f6ffentliche <\/p>\n<p>Bekanntmachung oder Umwandlung ohne ausdr\u00fcckliche Genehmigung des Inhabers ist untersagt.<\/p>\n<p><br><\/p>\n<p><b>Schutz personenbezogener Daten<\/b><\/p>\n<p>In \u00dcbereinstimmung mit der Verordnung (EU) 2016\/679 (DSGVO) und dem Organgesetz 3\/2018 (LOPDGDD) werden die Benutzer informiert:<\/p>\n<p><br>Verantwortlicher f\u00fcr die Verarbeitung: GLOBAL DIAMOND TATTOO, S.L.<\/p>\n<p>Zweck: Verwaltung von Mitteilungen, Bestellungen, Informationsanfragen und gegebenenfalls Versand von kommerziellen Mitteilungen.<\/p>\n<p>Rechtsgrundlage: Vertragserf\u00fcllung, rechtliche Verpflichtungen oder ausdr\u00fcckliche Einwilligung.<\/p>\n<p>\u00dcbertragungen: nur in notwendigen F\u00e4llen (Spediteure, Zahlungsanbieter) oder aufgrund gesetzlicher Verpflichtung.<\/p>\n<p>Rechte: Zugriff, Berichtigung, L\u00f6schung, Widerspruch, Einschr\u00e4nkung und Daten\u00fcbertragbarkeit. Aus\u00fcbung durch Mitteilung an: <\/p>\n<ul>\n<li>Postanschrift: Av. Francesc Maci\u00e0 102, 4-1, 08912 Badalona (Barcelona) <\/li>\n<li>E-Mail-Adresse: responsabletecnico@dermx.eu<\/li>\n<\/ul>\n<p>Beschwerden: vor der spanischen Datenschutzbeh\u00f6rde (AEPD).<\/p>\n<p>Weitere Informationen finden Sie in der auf dieser Website ver\u00f6ffentlichten Datenschutzrichtlinie.<br><br><\/p>\n<p><b>Haftungsbeschr\u00e4nkung<\/b><\/p>\n<p>GLOBAL DIAMOND TATTOO, S.L. haftet nicht f\u00fcr Sch\u00e4den, die aus der unsachgem\u00e4\u00dfen Nutzung der Website entstehen, noch f\u00fcr die<\/p>\n<p>Verf\u00fcgbarkeit oder Kontinuit\u00e4t des Dienstes. Sie haftet auch nicht f\u00fcr die Inhalte, die \u00fcber Hyperlinks von <\/p>\n<p>Dritten verlinkt sind, die nicht direkt vom Unternehmen verwaltet werden.<\/p>\n<p><br><b>Anwendbares Recht und Gerichtsstand<\/b><\/p>\n<p>Dieser Rechtliche Hinweis unterliegt spanischem Recht. Im Falle von Streitigkeiten unterwerfen sich die Parteien den Gerichten von <\/p>\n<p>Barcelona, es sei denn, die Vorschriften zum Verbraucher- und Benutzerschutz sehen einen anderen zwingenden Gerichtsstand vor.<\/p>\n<p><\/p>\t\t\t\t\t\t\t\t<\/div>\n\t\t\t\t<\/div>\n\t\t\t\t\t<\/div>\n\t\t\t\t<\/div>\n\t\t\t\t<\/div>\n\t\t","protected":false},"excerpt":{"rendered":"<p>Rechtliche Hinweise Inhaberschaft der WebsiteIn \u00dcbereinstimmung mit Gesetz 34\/2002 vom 11. Juli \u00fcber die Dienste der Informationsgesellschaft und den elektronischen Gesch\u00e4ftsverkehr (LSSI-CE) wird mitgeteilt, dass die Inhaberschaft der Website dermx.eu GLOBAL DIAMOND TATTOO, S.L. geh\u00f6rt:Inhaber: GLOBAL DIAMOND TATTOO, S.L.CIF: B22656474Firmensitz: Av. Francesc Maci\u00e0 102, 4-1, 08912 Badalona (Barcelona), SpanienT\u00e4tigkeit: Vermarktung und Vertrieb von Produkten und&#8230;<\/p>\n","protected":false},"author":1,"featured_media":0,"parent":0,"menu_order":0,"comment_status":"closed","ping_status":"closed","template":"","meta":{"_eb_attr":"","footnotes":""},"class_list":["post-2886","page","type-page","status-publish","hentry"],"_links":{"self":[{"href":"https:\/\/dermx.eu\/de\/wp-json\/wp\/v2\/pages\/2886","targetHints":{"allow":["GET"]}}],"collection":[{"href":"https:\/\/dermx.eu\/de\/wp-json\/wp\/v2\/pages"}],"about":[{"href":"https:\/\/dermx.eu\/de\/wp-json\/wp\/v2\/types\/page"}],"author":[{"embeddable":true,"href":"https:\/\/dermx.eu\/de\/wp-json\/wp\/v2\/users\/1"}],"replies":[{"embeddable":true,"href":"https:\/\/dermx.eu\/de\/wp-json\/wp\/v2\/comments?post=2886"}],"version-history":[{"count":8,"href":"https:\/\/dermx.eu\/de\/wp-json\/wp\/v2\/pages\/2886\/revisions"}],"predecessor-version":[{"id":3073,"href":"https:\/\/dermx.eu\/de\/wp-json\/wp\/v2\/pages\/2886\/revisions\/3073"}],"wp:attachment":[{"href":"https:\/\/dermx.eu\/de\/wp-json\/wp\/v2\/media?parent=2886"}],"curies":[{"name":"wp","href":"https:\/\/api.w.org\/{rel}","templated":true}]}}