{"id":2885,"date":"2025-09-27T09:34:20","date_gmt":"2025-09-27T07:34:20","guid":{"rendered":"https:\/\/dermx.eu\/aviso-legal\/"},"modified":"2025-12-19T12:31:56","modified_gmt":"2025-12-19T11:31:56","slug":"aviso-legal","status":"publish","type":"page","link":"https:\/\/dermx.eu\/fr\/aviso-legal\/","title":{"rendered":"Mentions l\u00e9gales"},"content":{"rendered":"\t\t<div data-elementor-type=\"wp-page\" data-elementor-id=\"2885\" class=\"elementor elementor-2885 elementor-1035\">\n\t\t\t\t<div class=\"elementor-element elementor-element-db8ef7e e-flex e-con-boxed e-con e-parent\" data-id=\"db8ef7e\" data-element_type=\"container\">\n\t\t\t\t\t<div class=\"e-con-inner\">\n\t\t\t\t<div class=\"elementor-element elementor-element-8ff66cb elementor-widget elementor-widget-heading\" data-id=\"8ff66cb\" data-element_type=\"widget\" data-widget_type=\"heading.default\">\n\t\t\t\t<div class=\"elementor-widget-container\">\n\t\t\t\t\t<h2 class=\"elementor-heading-title elementor-size-default\">Mentions l\u00e9gales<\/h2>\t\t\t\t<\/div>\n\t\t\t\t<\/div>\n\t\t\t\t\t<\/div>\n\t\t\t\t<\/div>\n\t\t<div class=\"elementor-element elementor-element-52989a23 e-flex e-con-boxed e-con e-parent\" data-id=\"52989a23\" data-element_type=\"container\">\n\t\t\t\t\t<div class=\"e-con-inner\">\n\t\t\t\t<div class=\"elementor-element elementor-element-3638825f elementor-widget elementor-widget-text-editor\" data-id=\"3638825f\" data-element_type=\"widget\" data-widget_type=\"text-editor.default\">\n\t\t\t\t<div class=\"elementor-widget-container\">\n\t\t\t\t\t\t\t\t\t<p><\/p>\n<p><b>Propri\u00e9t\u00e9 du site web<\/b><br>Conform\u00e9ment \u00e0 la loi 34\/2002 du 11 juillet sur les services de la soci\u00e9t\u00e9 de l\u2019information et du commerce \u00e9lectronique (LSSI-CE), il est port\u00e9 \u00e0 votre connaissance que la propri\u00e9t\u00e9 du site web dermx.eu appartient \u00e0&nbsp;:<br>Titulaire&nbsp;: GLOBAL DIAMOND TATTOO, S.L.<br>CIF&nbsp;: B22656474<br>Si\u00e8ge social&nbsp;: Av. Francesc Maci\u00e0 102, 4-1, 08912 Badalona (Barcelone), Espagne<br>Activit\u00e9&nbsp;: Commercialisation et distribution de produits et accessoires sp\u00e9cialis\u00e9s pour les professionnels du tatouage<br>Adresse \u00e9lectronique de contact&nbsp;: info@dermx.eu<br>Num\u00e9ro de t\u00e9l\u00e9phone de contact&nbsp;: +34&nbsp;665&nbsp;679&nbsp;020 <\/p>\n<p><br><\/p>\n<p><b>Objet du site web<\/b><br>Le pr\u00e9sent site web a pour but d\u2019offrir des informations, la commercialisation et la distribution de produits sp\u00e9cialis\u00e9s pour les<br>professionnels du tatouage, ainsi que de permettre la communication entre les utilisateurs et l\u2019entreprise.<\/p>\n<p><br><\/p>\n<p><b>Conditions d\u2019utilisation<\/b><\/p>\n<p>L\u2019acc\u00e8s et l\u2019utilisation de ce site web attribuent la condition d\u2019utilisateur, impliquant l\u2019acceptation pleine des conditions expos\u00e9es dans<\/p>\n<p>les pr\u00e9sentes mentions l\u00e9gales. L\u2019utilisateur s\u2019engage \u00e0 faire un usage appropri\u00e9 des contenus, s\u2019abstenant de les utiliser pour <\/p>\n<p>des activit\u00e9s illicites ou contraires \u00e0 la bonne foi.<\/p>\n<p><br><\/p>\n<p><b>Propri\u00e9t\u00e9 intellectuelle et industrielle<\/b><\/p>\n<p>Tous les contenus du site web (textes, images, logos, conceptions, code source, etc.) sont la propri\u00e9t\u00e9 de GLOBAL<\/p>\n<p>DIAMOND TATTOO, S.L. ou de tiers qui ont autoris\u00e9 son utilisation. La reproduction, la distribution, la communication <\/p>\n<p>publique ou la transformation sans l\u2019autorisation expresse du titulaire sont interdites.<\/p>\n<p><br><\/p>\n<p><b>Protection des donn\u00e9es personnelles<\/b><\/p>\n<p>Conform\u00e9ment au r\u00e8glement (UE) 2016\/679 (RGPD) et \u00e0 la loi organique 3\/2018 (LOPDGDD), les utilisateurs sont inform\u00e9s&nbsp;:<\/p>\n<p><br>Responsable du traitement&nbsp;: GLOBAL DIAMOND TATTOO, S.L.<\/p>\n<p>Finalit\u00e9&nbsp;: gestion des communications, des commandes, des demandes d\u2019informations et, le cas \u00e9ch\u00e9ant, envoi de communications commerciales.<\/p>\n<p>Base juridique&nbsp;: ex\u00e9cution du contrat, obligations l\u00e9gales ou consentement expr\u00e8s.<\/p>\n<p>Cessions&nbsp;: uniquement dans les cas n\u00e9cessaires (transporteurs, fournisseurs de paiement) ou par obligation l\u00e9gale.<\/p>\n<p>Droits&nbsp;: acc\u00e8s, rectification, suppression, opposition, limitation et portabilit\u00e9. Exercice par communication \u00e0&nbsp;: <\/p>\n<ul>\n<li>Adresse postale&nbsp;: Av. Francesc Maci\u00e0 102, 4-1, 08912 Badalona (Barcelone) <\/li>\n<li>Adresse \u00e9lectronique&nbsp;: responsabletecnico@dermx.eu<\/li>\n<\/ul>\n<p>R\u00e9clamations&nbsp;: aupr\u00e8s de l\u2019Agence espagnole de protection des donn\u00e9es (AEPD).<\/p>\n<p>Pour plus d\u2019informations, veuillez consulter la politique de confidentialit\u00e9 publi\u00e9e sur ce site web.<br><br><\/p>\n<p><b>Limitation de responsabilit\u00e9<\/b><\/p>\n<p>GLOBAL DIAMOND TATTOO, S.L. ne saurait \u00eatre tenue responsable des dommages d\u00e9coulant d\u2019une utilisation inappropri\u00e9e du site web, ni de la<\/p>\n<p>disponibilit\u00e9 ou de la continuit\u00e9 du service. Elle ne sera pas non plus responsable des contenus li\u00e9s par le biais d\u2019hyperliens de <\/p>\n<p>tiers non g\u00e9r\u00e9s directement par l\u2019entreprise.<\/p>\n<p><br><b>L\u00e9gislation applicable et juridiction<\/b><\/p>\n<p>Les pr\u00e9sentes mentions l\u00e9gales sont r\u00e9gies par la l\u00e9gislation espagnole. En cas de controverse, les parties se soumettront aux juges et <\/p>\n<p>tribunaux de Barcelone, sauf si la r\u00e9glementation en mati\u00e8re de consommateurs et d\u2019utilisateurs pr\u00e9voit un autre for obligatoire.<\/p>\n<p><\/p>\t\t\t\t\t\t\t\t<\/div>\n\t\t\t\t<\/div>\n\t\t\t\t\t<\/div>\n\t\t\t\t<\/div>\n\t\t\t\t<\/div>\n\t\t","protected":false},"excerpt":{"rendered":"<p>Mentions l\u00e9gales Propri\u00e9t\u00e9 du site webConform\u00e9ment \u00e0 la loi 34\/2002 du 11 juillet sur les services de la soci\u00e9t\u00e9 de l\u2019information et du commerce \u00e9lectronique (LSSI-CE), il est port\u00e9 \u00e0 votre connaissance que la propri\u00e9t\u00e9 du site web dermx.eu appartient \u00e0&nbsp;:Titulaire&nbsp;: GLOBAL DIAMOND TATTOO, S.L.CIF&nbsp;: B22656474Si\u00e8ge social&nbsp;: Av. Francesc Maci\u00e0 102, 4-1, 08912 Badalona (Barcelone),&#8230;<\/p>\n","protected":false},"author":1,"featured_media":0,"parent":0,"menu_order":0,"comment_status":"closed","ping_status":"closed","template":"","meta":{"_eb_attr":"","footnotes":""},"class_list":["post-2885","page","type-page","status-publish","hentry"],"_links":{"self":[{"href":"https:\/\/dermx.eu\/fr\/wp-json\/wp\/v2\/pages\/2885","targetHints":{"allow":["GET"]}}],"collection":[{"href":"https:\/\/dermx.eu\/fr\/wp-json\/wp\/v2\/pages"}],"about":[{"href":"https:\/\/dermx.eu\/fr\/wp-json\/wp\/v2\/types\/page"}],"author":[{"embeddable":true,"href":"https:\/\/dermx.eu\/fr\/wp-json\/wp\/v2\/users\/1"}],"replies":[{"embeddable":true,"href":"https:\/\/dermx.eu\/fr\/wp-json\/wp\/v2\/comments?post=2885"}],"version-history":[{"count":4,"href":"https:\/\/dermx.eu\/fr\/wp-json\/wp\/v2\/pages\/2885\/revisions"}],"predecessor-version":[{"id":3059,"href":"https:\/\/dermx.eu\/fr\/wp-json\/wp\/v2\/pages\/2885\/revisions\/3059"}],"wp:attachment":[{"href":"https:\/\/dermx.eu\/fr\/wp-json\/wp\/v2\/media?parent=2885"}],"curies":[{"name":"wp","href":"https:\/\/api.w.org\/{rel}","templated":true}]}}