{"id":3027,"date":"2025-06-28T16:19:41","date_gmt":"2025-06-28T14:19:41","guid":{"rendered":"https:\/\/dermx.eu\/producto\/dermx-caja\/"},"modified":"2026-03-02T13:25:16","modified_gmt":"2026-03-02T12:25:16","slug":"dermx-caja","status":"publish","type":"product","link":"https:\/\/dermx.eu\/fr\/producto\/dermx-caja\/","title":{"rendered":"Adh\u00e9sif m\u00e9dical DermX \u2013 Bo\u00eete professionnelle"},"content":{"rendered":"","protected":false},"excerpt":{"rendered":"<p style=\"text-align: center\">Quantit\u00e9 minimale d&rsquo;achat : 1 bo\u00eete (10 unit\u00e9s)<\/p>\n","protected":false},"featured_media":3029,"comment_status":"closed","ping_status":"closed","template":"","meta":{"_eb_attr":""},"product_brand":[],"product_cat":[67],"product_tag":[],"class_list":{"0":"post-3027","1":"product","2":"type-product","3":"status-publish","4":"has-post-thumbnail","6":"product_cat-productos","8":"first","9":"instock","10":"featured","11":"taxable","12":"shipping-taxable","13":"purchasable","14":"product-type-simple"},"_links":{"self":[{"href":"https:\/\/dermx.eu\/fr\/wp-json\/wp\/v2\/product\/3027","targetHints":{"allow":["GET"]}}],"collection":[{"href":"https:\/\/dermx.eu\/fr\/wp-json\/wp\/v2\/product"}],"about":[{"href":"https:\/\/dermx.eu\/fr\/wp-json\/wp\/v2\/types\/product"}],"replies":[{"embeddable":true,"href":"https:\/\/dermx.eu\/fr\/wp-json\/wp\/v2\/comments?post=3027"}],"wp:featuredmedia":[{"embeddable":true,"href":"https:\/\/dermx.eu\/fr\/wp-json\/wp\/v2\/media\/3029"}],"wp:attachment":[{"href":"https:\/\/dermx.eu\/fr\/wp-json\/wp\/v2\/media?parent=3027"}],"wp:term":[{"taxonomy":"product_brand","embeddable":true,"href":"https:\/\/dermx.eu\/fr\/wp-json\/wp\/v2\/product_brand?post=3027"},{"taxonomy":"product_cat","embeddable":true,"href":"https:\/\/dermx.eu\/fr\/wp-json\/wp\/v2\/product_cat?post=3027"},{"taxonomy":"product_tag","embeddable":true,"href":"https:\/\/dermx.eu\/fr\/wp-json\/wp\/v2\/product_tag?post=3027"}],"curies":[{"name":"wp","href":"https:\/\/api.w.org\/{rel}","templated":true}]}}