{"id":2887,"date":"2025-09-27T09:34:20","date_gmt":"2025-09-27T07:34:20","guid":{"rendered":"https:\/\/dermx.eu\/aviso-legal\/"},"modified":"2025-12-19T12:33:00","modified_gmt":"2025-12-19T11:33:00","slug":"aviso-legal","status":"publish","type":"page","link":"https:\/\/dermx.eu\/it\/aviso-legal\/","title":{"rendered":"Note Legali"},"content":{"rendered":"\t\t<div data-elementor-type=\"wp-page\" data-elementor-id=\"2887\" class=\"elementor elementor-2887 elementor-1035\">\n\t\t\t\t<div class=\"elementor-element elementor-element-db8ef7e e-flex e-con-boxed e-con e-parent\" data-id=\"db8ef7e\" data-element_type=\"container\">\n\t\t\t\t\t<div class=\"e-con-inner\">\n\t\t\t\t<div class=\"elementor-element elementor-element-8ff66cb elementor-widget elementor-widget-heading\" data-id=\"8ff66cb\" data-element_type=\"widget\" data-widget_type=\"heading.default\">\n\t\t\t\t<div class=\"elementor-widget-container\">\n\t\t\t\t\t<h2 class=\"elementor-heading-title elementor-size-default\">Note Legali<\/h2>\t\t\t\t<\/div>\n\t\t\t\t<\/div>\n\t\t\t\t\t<\/div>\n\t\t\t\t<\/div>\n\t\t<div class=\"elementor-element elementor-element-52989a23 e-flex e-con-boxed e-con e-parent\" data-id=\"52989a23\" data-element_type=\"container\">\n\t\t\t\t\t<div class=\"e-con-inner\">\n\t\t\t\t<div class=\"elementor-element elementor-element-3638825f elementor-widget elementor-widget-text-editor\" data-id=\"3638825f\" data-element_type=\"widget\" data-widget_type=\"text-editor.default\">\n\t\t\t\t<div class=\"elementor-widget-container\">\n\t\t\t\t\t\t\t\t\t<p><\/p>\n<p><b>Titolarit\u00e0 del sito web<\/b><br>In ottemperanza alla Legge 34\/2002, dell&#8217;11 luglio, sui Servizi della Societ\u00e0 dell&#8217;Informazione e del Commercio Elettronico (LSSI-CE), si informa che la titolarit\u00e0 del sito web dermx.eu corrisponde a:<br>Titolare: GLOBAL DIAMOND TATTOO, S.L.<br>CIF: B22656474<br>Sede legale: Av. Francesc Maci\u00e0 102, 4-1, 08912 Badalona (Barcellona), Spagna<br>Attivit\u00e0: Commercializzazione e distribuzione di prodotti e accessori specializzati per professionisti del tatuaggio<br>Indirizzo e-mail di contatto: info@dermx.eu<br>Numero di telefono di contatto: +34 665 679 020 <\/p>\n<p><br><\/p>\n<p><b>Oggetto del sito web<\/b><br>Il presente sito web ha lo scopo di offrire informazioni, commercializzazione e distribuzione di prodotti specializzati per<br>professionisti del tatuaggio, nonch\u00e9 consentire la comunicazione tra gli utenti e l&#8217;azienda.<\/p>\n<p><br><\/p>\n<p><b>Condizioni d&#8217;uso<\/b><\/p>\n<p>L&#8217;accesso e l&#8217;uso di questo sito web attribuiscono la condizione di utente, implicando la piena accettazione delle condizioni esposte in<\/p>\n<p>queste Note Legali. L&#8217;utente si impegna a fare un uso adeguato dei contenuti, astenendosi dall&#8217;impiegarli per <\/p>\n<p>attivit\u00e0 illecite o contrarie alla buona fede.<\/p>\n<p><br><\/p>\n<p><b>Propriet\u00e0 intellettuale e industriale<\/b><\/p>\n<p>Tutti i contenuti del sito web (testi, immagini, loghi, design, codice sorgente, ecc.) sono di propriet\u00e0 di GLOBAL<\/p>\n<p>DIAMOND TATTOO, S.L. o di terzi che ne hanno autorizzato l&#8217;uso. \u00c8 vietata la riproduzione, la distribuzione, la comunicazione <\/p>\n<p>pubblica o la trasformazione senza l&#8217;espressa autorizzazione del titolare.<\/p>\n<p><br><\/p>\n<p><b>Protezione dei dati personali<\/b><\/p>\n<p>In ottemperanza al Regolamento (UE) 2016\/679 (RGPD) e alla Legge Organica 3\/2018 (LOPDGDD), si informano gli utenti:<\/p>\n<p><br>Responsabile del trattamento: GLOBAL DIAMOND TATTOO, S.L.<\/p>\n<p>Finalit\u00e0: gestione di comunicazioni, ordini, richieste di informazioni e, se del caso, invio di comunicazioni commerciali.<\/p>\n<p>Base giuridica: esecuzione del contratto, obblighi legali o consenso espresso.<\/p>\n<p>Cessioni: solo in casi necessari (trasportatori, fornitori di pagamento) o per obbligo legale.<\/p>\n<p>Diritti: accesso, rettifica, cancellazione, opposizione, limitazione e portabilit\u00e0. Esercizio mediante comunicazione a: <\/p>\n<ul>\n<li>Indirizzo postale: Av. Francesc Maci\u00e0 102, 4-1, 08912 Badalona (Barcellona) <\/li>\n<li>Indirizzo e-mail: responsabletecnico@dermx.eu<\/li>\n<\/ul>\n<p>Reclami: all&#8217;Agenzia Spagnola per la Protezione dei Dati (AEPD).<\/p>\n<p>Per maggiori informazioni, consultare la Politica sulla Privacy pubblicata su questo sito web.<br><br><\/p>\n<p><b>Limitazione di responsabilit\u00e0<\/b><\/p>\n<p>GLOBAL DIAMOND TATTOO, S.L. non \u00e8 responsabile dei danni derivanti dall&#8217;uso improprio del sito web, n\u00e9 della<\/p>\n<p>disponibilit\u00e0 o continuit\u00e0 del servizio. Inoltre, non sar\u00e0 responsabile dei contenuti collegati tramite collegamenti ipertestuali di <\/p>\n<p>terzi non gestiti direttamente dall&#8217;azienda.<\/p>\n<p><br><b>Legislazione applicabile e giurisdizione<\/b><\/p>\n<p>Le presenti Note Legali sono regolate dalla legislazione spagnola. In caso di controversia, le parti si sottoporranno ai Giudici e ai <\/p>\n<p>Tribunali di Barcellona, salvo che la normativa in materia di consumatori e utenti disponga un altro foro obbligatorio.<\/p>\n<p><\/p>\t\t\t\t\t\t\t\t<\/div>\n\t\t\t\t<\/div>\n\t\t\t\t\t<\/div>\n\t\t\t\t<\/div>\n\t\t\t\t<\/div>\n\t\t","protected":false},"excerpt":{"rendered":"<p>Note Legali Titolarit\u00e0 del sito webIn ottemperanza alla Legge 34\/2002, dell&#8217;11 luglio, sui Servizi della Societ\u00e0 dell&#8217;Informazione e del Commercio Elettronico (LSSI-CE), si informa che la titolarit\u00e0 del sito web dermx.eu corrisponde a:Titolare: GLOBAL DIAMOND TATTOO, S.L.CIF: B22656474Sede legale: Av. Francesc Maci\u00e0 102, 4-1, 08912 Badalona (Barcellona), SpagnaAttivit\u00e0: Commercializzazione e distribuzione di prodotti e accessori&#8230;<\/p>\n","protected":false},"author":1,"featured_media":0,"parent":0,"menu_order":0,"comment_status":"closed","ping_status":"closed","template":"","meta":{"_eb_attr":"","footnotes":""},"class_list":["post-2887","page","type-page","status-publish","hentry"],"_links":{"self":[{"href":"https:\/\/dermx.eu\/it\/wp-json\/wp\/v2\/pages\/2887","targetHints":{"allow":["GET"]}}],"collection":[{"href":"https:\/\/dermx.eu\/it\/wp-json\/wp\/v2\/pages"}],"about":[{"href":"https:\/\/dermx.eu\/it\/wp-json\/wp\/v2\/types\/page"}],"author":[{"embeddable":true,"href":"https:\/\/dermx.eu\/it\/wp-json\/wp\/v2\/users\/1"}],"replies":[{"embeddable":true,"href":"https:\/\/dermx.eu\/it\/wp-json\/wp\/v2\/comments?post=2887"}],"version-history":[{"count":4,"href":"https:\/\/dermx.eu\/it\/wp-json\/wp\/v2\/pages\/2887\/revisions"}],"predecessor-version":[{"id":3077,"href":"https:\/\/dermx.eu\/it\/wp-json\/wp\/v2\/pages\/2887\/revisions\/3077"}],"wp:attachment":[{"href":"https:\/\/dermx.eu\/it\/wp-json\/wp\/v2\/media?parent=2887"}],"curies":[{"name":"wp","href":"https:\/\/api.w.org\/{rel}","templated":true}]}}